{"id":1504,"date":"2023-06-21T02:24:32","date_gmt":"2023-06-21T02:24:32","guid":{"rendered":"https:\/\/antikorupcijausk.demo.ba\/\/?page_id=1504"},"modified":"2026-03-11T10:53:50","modified_gmt":"2026-03-11T09:53:50","slug":"ured","status":"publish","type":"page","link":"https:\/\/antikorupcijausk.ba\/V2\/ured\/","title":{"rendered":"O Uredu"},"content":{"rendered":"\t\t<div data-elementor-type=\"wp-page\" data-elementor-id=\"1504\" class=\"elementor elementor-1504\">\n\t\t\t\t<div class=\"elementor-element elementor-element-44f5144 e-grid e-con-boxed e-con e-parent\" data-id=\"44f5144\" data-element_type=\"container\" data-e-type=\"container\">\n\t\t\t\t\t<div class=\"e-con-inner\">\n\t\t\t\t<div class=\"elementor-element elementor-element-0078ef2 elementor-widget elementor-widget-text-editor\" data-id=\"0078ef2\" data-element_type=\"widget\" data-e-type=\"widget\" data-widget_type=\"text-editor.default\">\n\t\t\t\t\t\t\t\t\t<div class=\"about-text\"><p><strong>Ured za borbu protiv korupcije Unsko-sanskog kantona<\/strong> (u daljnjem tekstu Ured), vr\u0161i stru\u010dne, operativne i administrativno tehni\u010dke poslove u s vezi sa:<\/p><ul><li>provo\u0111enjem <strong>Zakona o prijavljivanju i postupku provjere podataka o imovini nosioca javnih funkcija u Unsko-sanskom kantonu<\/strong>,<\/li><li>aktivnostima na <strong>prevenciji korupcije u skladu sa Zakonom o prevenciji korupcije u Unsko-sanskom kantonu<\/strong>, prikupljanju podataka i prijavljivanju nadle\u017enima uo\u010denih koruptivnih aktivnosti u Unsko-sanskom kantonu.<\/li><\/ul><p>Naime, provo\u0111enje Zakona podrazumijeva, izme\u0111u ostalog:<\/p><div class=\"text-box\"><ul><li>prikupljanje, provjeru i obradu podataka o imovini nosioca javnih funkcija;<\/li><li>uspostavu, vo\u0111enje i a\u017euriranje Registra podataka o imovini;<\/li><li>\u010duvanje i uni\u0161tavanje podataka o imovini u skladu sa zakonskim rokovima;<\/li><li>provo\u0111enje postupka kontrole podataka o imovini u skladu sa Zakonom;<\/li><li>uspostavu evidencija i registara u skladu sa posebnim propisima;<\/li><li>pokretanje i provo\u0111enje postupka za utvr\u0111ivanje povrede odredaba Zakona i drugih propisa kojima su utvr\u0111ene nadle\u017enosti Ureda;<\/li><li>izdavanje prekr\u0161ajnog naloga i pokretanje prekr\u0161ajnog i drugih postupaka;<\/li><li>druge poslove propisane Zakonom.<\/li><\/ul><\/div><p>Aktivnosti Ureda u oblasti prevencije korupcije, prikupljanja podataka, analitike i informisanja nadle\u017enih organa o radnjama koje mogu imati obilje\u017eja korupcije obuhvataju naro\u010dito:<\/p><ul><li>provo\u0111enje, pra\u0107enje i nadzor nad primjenom antikorupcionih politika i mjera utvr\u0111enih Zakonom o prevenciji korupcije Unsko-sanskog kantona, kao i drugim relevantnim propisima i strate\u0161kim dokumentima;<\/li><li>organizovanje i provo\u0111enje aktivnosti usmjerenih na prevenciju korupcije, ja\u010danje integriteta institucija, te podsticanje prijavljivanja korupcije i drugih nepravilnosti;<\/li><li>zaprimanje i postupanje po prijavama koje ukazuju na mogu\u0107e koruptivne radnje, uklju\u010duju\u0107i postupke u vezi sa za\u0161titom prijavitelja korupcije u skladu sa zakonom;<\/li><li>vo\u0111enje odgovaraju\u0107ih evidencija i uspostavljanje i upravljanje registrima iz oblasti prevencije korupcije, u skladu sa zakonom i podzakonskim aktima;<\/li><li>izradu analiza, procjena rizika od korupcije i drugih analiti\u010dkih materijala radi unapre\u0111enja sistema prevencije korupcije;<\/li><li>davanje preporuka, smjernica i stru\u010dnih mi\u0161ljenja u vezi sa izradom, provo\u0111enjem iunapre\u0111enjem planova integriteta institucija, kao i pra\u0107enje njihove implementacije;<\/li><li>prikupljanje podataka i informacija o realizaciji aktivnosti iz oblasti prevencije i borbe protiv korupcije utvr\u0111enih propisima, akcionim planovima, planovima integriteta i drugim strate\u0161kim dokumentima;<\/li><li>objedinjavanje prikupljenih podataka, vo\u0111enje analiti\u010dkih evidencija, izradu analiza i izvje\u0161taja te informisanje nadle\u017enih organa u skladu sa zakonom;<\/li><li>koordinaciju aktivnosti izme\u0111u institucija obuhva\u0107enih strate\u0161kim i akcionim planovima za borbu protiv korupcije, kao i saradnju sa Agencijom za prevenciju korupcije i koordinaciju borbe protiv korupcije Bosne i Hercegovine, pravosudnim organima, drugim nadle\u017enim institucijama i organizacijama;<\/li><li>uspostavljanje i upravljanje bazama podataka, registrima i analiti\u010dkim evidencijama koje imaju za cilj prevenciju, identifikaciju i pra\u0107enje rizika od korupcije;<\/li><li>organizovanje okruglih stolova, javnih rasprava, medijskih kampanja, edukativnih i drugih aktivnosti usmjerenih na podizanje svijesti o prevenciji i suzbijanju korupcije;<\/li><li>iniciranje i predlaganje Vladi Unsko-sanskog kantona izmjena i dopuna propisa, strate\u0161kih dokumenata i drugih akata iz oblasti prevencije i borbe protiv korupcije.<\/li><\/ul><div class=\"text-box\"><p>Institucije Unsko-sanskog kantona, kao i institucije jedinica lokalne samouprave Unsko-sanskog kantona , du\u017ene su sara\u0111ivati sa Uredom i dostavljati tra\u017eene podatke i informacije radi provo\u0111enja aktivnosti iz nadle\u017enosti Ureda.<\/p><\/div><p>Za potrebe provo\u0111enja aktivnosti iz utvr\u0111enih nadle\u017enosti Ured mo\u017ee uspostaviti jedinstveni antikoruptivni informacioni sistem.<\/p><\/div>\t\t\t\t\t\t\t\t<\/div>\n\t\t\t\t\t<\/div>\n\t\t\t\t<\/div>\n\t\t<div class=\"elementor-element elementor-element-ebfb55d e-flex e-con-boxed e-con e-parent\" data-id=\"ebfb55d\" data-element_type=\"container\" data-e-type=\"container\">\n\t\t\t\t\t<div class=\"e-con-inner\">\n\t\t<div class=\"elementor-element elementor-element-02c339f e-con-full e-flex e-con e-child\" data-id=\"02c339f\" data-element_type=\"container\" data-e-type=\"container\">\n\t\t\t\t<\/div>\n\t\t<div class=\"elementor-element elementor-element-4c5a334 e-con-full e-flex e-con e-child\" data-id=\"4c5a334\" data-element_type=\"container\" data-e-type=\"container\">\n\t\t\t\t<\/div>\n\t\t\t\t\t<\/div>\n\t\t\t\t<\/div>\n\t\t\t\t<\/div>\n\t\t","protected":false},"excerpt":{"rendered":"<p>Ured za borbu protiv korupcije Unsko-sanskog kantona (u daljnjem tekstu Ured), vr\u0161i stru\u010dne, operativne i administrativno tehni\u010dke poslove u s vezi sa: provo\u0111enjem Zakona o prijavljivanju i postupku provjere podataka o imovini nosioca javnih funkcija u Unsko-sanskom kantonu, aktivnostima na prevenciji korupcije u skladu sa Zakonom o prevenciji korupcije u Unsko-sanskom kantonu, prikupljanju podataka i [&hellip;]<\/p>\n","protected":false},"author":1,"featured_media":0,"parent":0,"menu_order":0,"comment_status":"closed","ping_status":"closed","template":"elementor_header_footer","meta":{"footnotes":""},"class_list":["post-1504","page","type-page","status-publish","hentry"],"yoast_head":"<!-- This site is optimized with the Yoast SEO plugin v27.4 - https:\/\/yoast.com\/product\/yoast-seo-wordpress\/ -->\n<title>O Uredu - Ured za borbu protiv korupcije Unsko-sanskog kantona<\/title>\n<meta name=\"robots\" content=\"index, follow, max-snippet:-1, max-image-preview:large, max-video-preview:-1\" \/>\n<link rel=\"canonical\" href=\"https:\/\/antikorupcijausk.ba\/V2\/ured\/\" \/>\n<meta property=\"og:locale\" content=\"bs_BA\" \/>\n<meta property=\"og:type\" content=\"article\" \/>\n<meta property=\"og:title\" content=\"O Uredu - Ured za borbu protiv korupcije Unsko-sanskog kantona\" \/>\n<meta property=\"og:description\" content=\"Ured za borbu protiv korupcije Unsko-sanskog kantona (u daljnjem tekstu Ured), vr\u0161i stru\u010dne, operativne i administrativno tehni\u010dke poslove u s vezi sa: provo\u0111enjem Zakona o prijavljivanju i postupku provjere podataka o imovini nosioca javnih funkcija u Unsko-sanskom kantonu, aktivnostima na prevenciji korupcije u skladu sa Zakonom o prevenciji korupcije u Unsko-sanskom kantonu, prikupljanju podataka i [&hellip;]\" \/>\n<meta property=\"og:url\" content=\"https:\/\/antikorupcijausk.ba\/V2\/ured\/\" \/>\n<meta property=\"og:site_name\" content=\"Ured za borbu protiv korupcije Unsko-sanskog kantona\" \/>\n<meta property=\"article:modified_time\" content=\"2026-03-11T09:53:50+00:00\" \/>\n<meta name=\"twitter:card\" content=\"summary_large_image\" \/>\n<meta name=\"twitter:label1\" content=\"Est. reading time\" \/>\n\t<meta name=\"twitter:data1\" content=\"3 minute\" \/>\n<script type=\"application\/ld+json\" class=\"yoast-schema-graph\">{\"@context\":\"https:\\\/\\\/schema.org\",\"@graph\":[{\"@type\":\"WebPage\",\"@id\":\"https:\\\/\\\/antikorupcijausk.ba\\\/V2\\\/ured\\\/\",\"url\":\"https:\\\/\\\/antikorupcijausk.ba\\\/V2\\\/ured\\\/\",\"name\":\"O Uredu - Ured za borbu protiv korupcije Unsko-sanskog kantona\",\"isPartOf\":{\"@id\":\"https:\\\/\\\/antikorupcijausk.ba\\\/V2\\\/#website\"},\"datePublished\":\"2023-06-21T02:24:32+00:00\",\"dateModified\":\"2026-03-11T09:53:50+00:00\",\"breadcrumb\":{\"@id\":\"https:\\\/\\\/antikorupcijausk.ba\\\/V2\\\/ured\\\/#breadcrumb\"},\"inLanguage\":\"bs-BA\",\"potentialAction\":[{\"@type\":\"ReadAction\",\"target\":[\"https:\\\/\\\/antikorupcijausk.ba\\\/V2\\\/ured\\\/\"]}]},{\"@type\":\"BreadcrumbList\",\"@id\":\"https:\\\/\\\/antikorupcijausk.ba\\\/V2\\\/ured\\\/#breadcrumb\",\"itemListElement\":[{\"@type\":\"ListItem\",\"position\":1,\"name\":\"Home\",\"item\":\"https:\\\/\\\/antikorupcijausk.ba\\\/V2\\\/\"},{\"@type\":\"ListItem\",\"position\":2,\"name\":\"O Uredu\"}]},{\"@type\":\"WebSite\",\"@id\":\"https:\\\/\\\/antikorupcijausk.ba\\\/V2\\\/#website\",\"url\":\"https:\\\/\\\/antikorupcijausk.ba\\\/V2\\\/\",\"name\":\"Ured za borbu protiv korupcije Unsko-sanskog kantona\",\"description\":\"Dobro do\u0161li na oficijalnu web stranicu Ureda za borbu protiv korupcije Unsko-sanskog kantona\",\"publisher\":{\"@id\":\"https:\\\/\\\/antikorupcijausk.ba\\\/V2\\\/#organization\"},\"potentialAction\":[{\"@type\":\"SearchAction\",\"target\":{\"@type\":\"EntryPoint\",\"urlTemplate\":\"https:\\\/\\\/antikorupcijausk.ba\\\/V2\\\/?s={search_term_string}\"},\"query-input\":{\"@type\":\"PropertyValueSpecification\",\"valueRequired\":true,\"valueName\":\"search_term_string\"}}],\"inLanguage\":\"bs-BA\"},{\"@type\":\"Organization\",\"@id\":\"https:\\\/\\\/antikorupcijausk.ba\\\/V2\\\/#organization\",\"name\":\"Ured za borbu protiv korupcije Unsko-sanskog kantona\",\"url\":\"https:\\\/\\\/antikorupcijausk.ba\\\/V2\\\/\",\"logo\":{\"@type\":\"ImageObject\",\"inLanguage\":\"bs-BA\",\"@id\":\"https:\\\/\\\/antikorupcijausk.ba\\\/V2\\\/#\\\/schema\\\/logo\\\/image\\\/\",\"url\":\"https:\\\/\\\/antikorupcijausk.ba\\\/V2\\\/wp-content\\\/uploads\\\/2023\\\/06\\\/Logo-2.png\",\"contentUrl\":\"https:\\\/\\\/antikorupcijausk.ba\\\/V2\\\/wp-content\\\/uploads\\\/2023\\\/06\\\/Logo-2.png\",\"width\":391,\"height\":80,\"caption\":\"Ured za borbu protiv korupcije Unsko-sanskog kantona\"},\"image\":{\"@id\":\"https:\\\/\\\/antikorupcijausk.ba\\\/V2\\\/#\\\/schema\\\/logo\\\/image\\\/\"}}]}<\/script>\n<!-- \/ Yoast SEO plugin. -->","yoast_head_json":{"title":"O Uredu - Ured za borbu protiv korupcije Unsko-sanskog kantona","robots":{"index":"index","follow":"follow","max-snippet":"max-snippet:-1","max-image-preview":"max-image-preview:large","max-video-preview":"max-video-preview:-1"},"canonical":"https:\/\/antikorupcijausk.ba\/V2\/ured\/","og_locale":"bs_BA","og_type":"article","og_title":"O Uredu - Ured za borbu protiv korupcije Unsko-sanskog kantona","og_description":"Ured za borbu protiv korupcije Unsko-sanskog kantona (u daljnjem tekstu Ured), vr\u0161i stru\u010dne, operativne i administrativno tehni\u010dke poslove u s vezi sa: provo\u0111enjem Zakona o prijavljivanju i postupku provjere podataka o imovini nosioca javnih funkcija u Unsko-sanskom kantonu, aktivnostima na prevenciji korupcije u skladu sa Zakonom o prevenciji korupcije u Unsko-sanskom kantonu, prikupljanju podataka i [&hellip;]","og_url":"https:\/\/antikorupcijausk.ba\/V2\/ured\/","og_site_name":"Ured za borbu protiv korupcije Unsko-sanskog kantona","article_modified_time":"2026-03-11T09:53:50+00:00","twitter_card":"summary_large_image","twitter_misc":{"Est. reading time":"3 minute"},"schema":{"@context":"https:\/\/schema.org","@graph":[{"@type":"WebPage","@id":"https:\/\/antikorupcijausk.ba\/V2\/ured\/","url":"https:\/\/antikorupcijausk.ba\/V2\/ured\/","name":"O Uredu - Ured za borbu protiv korupcije Unsko-sanskog kantona","isPartOf":{"@id":"https:\/\/antikorupcijausk.ba\/V2\/#website"},"datePublished":"2023-06-21T02:24:32+00:00","dateModified":"2026-03-11T09:53:50+00:00","breadcrumb":{"@id":"https:\/\/antikorupcijausk.ba\/V2\/ured\/#breadcrumb"},"inLanguage":"bs-BA","potentialAction":[{"@type":"ReadAction","target":["https:\/\/antikorupcijausk.ba\/V2\/ured\/"]}]},{"@type":"BreadcrumbList","@id":"https:\/\/antikorupcijausk.ba\/V2\/ured\/#breadcrumb","itemListElement":[{"@type":"ListItem","position":1,"name":"Home","item":"https:\/\/antikorupcijausk.ba\/V2\/"},{"@type":"ListItem","position":2,"name":"O Uredu"}]},{"@type":"WebSite","@id":"https:\/\/antikorupcijausk.ba\/V2\/#website","url":"https:\/\/antikorupcijausk.ba\/V2\/","name":"Ured za borbu protiv korupcije Unsko-sanskog kantona","description":"Dobro do\u0161li na oficijalnu web stranicu Ureda za borbu protiv korupcije Unsko-sanskog kantona","publisher":{"@id":"https:\/\/antikorupcijausk.ba\/V2\/#organization"},"potentialAction":[{"@type":"SearchAction","target":{"@type":"EntryPoint","urlTemplate":"https:\/\/antikorupcijausk.ba\/V2\/?s={search_term_string}"},"query-input":{"@type":"PropertyValueSpecification","valueRequired":true,"valueName":"search_term_string"}}],"inLanguage":"bs-BA"},{"@type":"Organization","@id":"https:\/\/antikorupcijausk.ba\/V2\/#organization","name":"Ured za borbu protiv korupcije Unsko-sanskog kantona","url":"https:\/\/antikorupcijausk.ba\/V2\/","logo":{"@type":"ImageObject","inLanguage":"bs-BA","@id":"https:\/\/antikorupcijausk.ba\/V2\/#\/schema\/logo\/image\/","url":"https:\/\/antikorupcijausk.ba\/V2\/wp-content\/uploads\/2023\/06\/Logo-2.png","contentUrl":"https:\/\/antikorupcijausk.ba\/V2\/wp-content\/uploads\/2023\/06\/Logo-2.png","width":391,"height":80,"caption":"Ured za borbu protiv korupcije Unsko-sanskog kantona"},"image":{"@id":"https:\/\/antikorupcijausk.ba\/V2\/#\/schema\/logo\/image\/"}}]}},"_links":{"self":[{"href":"https:\/\/antikorupcijausk.ba\/V2\/wp-json\/wp\/v2\/pages\/1504","targetHints":{"allow":["GET"]}}],"collection":[{"href":"https:\/\/antikorupcijausk.ba\/V2\/wp-json\/wp\/v2\/pages"}],"about":[{"href":"https:\/\/antikorupcijausk.ba\/V2\/wp-json\/wp\/v2\/types\/page"}],"author":[{"embeddable":true,"href":"https:\/\/antikorupcijausk.ba\/V2\/wp-json\/wp\/v2\/users\/1"}],"replies":[{"embeddable":true,"href":"https:\/\/antikorupcijausk.ba\/V2\/wp-json\/wp\/v2\/comments?post=1504"}],"version-history":[{"count":35,"href":"https:\/\/antikorupcijausk.ba\/V2\/wp-json\/wp\/v2\/pages\/1504\/revisions"}],"predecessor-version":[{"id":21018,"href":"https:\/\/antikorupcijausk.ba\/V2\/wp-json\/wp\/v2\/pages\/1504\/revisions\/21018"}],"wp:attachment":[{"href":"https:\/\/antikorupcijausk.ba\/V2\/wp-json\/wp\/v2\/media?parent=1504"}],"curies":[{"name":"wp","href":"https:\/\/api.w.org\/{rel}","templated":true}]}}