{"id":15572,"date":"2023-11-10T07:58:43","date_gmt":"2023-11-10T07:58:43","guid":{"rendered":"https:\/\/antikorupcijausk.demo.ba\/\/?page_id=15572"},"modified":"2025-09-26T07:55:01","modified_gmt":"2025-09-26T06:55:01","slug":"o-uredu2","status":"publish","type":"page","link":"https:\/\/antikorupcijausk.ba\/V2\/o-uredu2\/","title":{"rendered":"O Uredu 2"},"content":{"rendered":"\t\t<div data-elementor-type=\"wp-page\" data-elementor-id=\"15572\" class=\"elementor elementor-15572\">\n\t\t\t\t\t\t<section class=\"elementor-section elementor-top-section elementor-element elementor-element-635e6fe elementor-section-boxed elementor-section-height-default elementor-section-height-default\" data-id=\"635e6fe\" data-element_type=\"section\" data-e-type=\"section\" data-settings=\"{&quot;background_background&quot;:&quot;classic&quot;}\">\n\t\t\t\t\t\t<div class=\"elementor-container elementor-column-gap-default\">\n\t\t\t\t\t<div class=\"elementor-column elementor-col-100 elementor-top-column elementor-element elementor-element-f344a28\" data-id=\"f344a28\" data-element_type=\"column\" data-e-type=\"column\">\n\t\t\t<div class=\"elementor-widget-wrap elementor-element-populated\">\n\t\t\t\t\t\t<div class=\"elementor-element elementor-element-d7d5888 elementor-widget elementor-widget-gimont_elementor_heading\" data-id=\"d7d5888\" data-element_type=\"widget\" data-e-type=\"widget\" data-widget_type=\"gimont_elementor_heading.default\">\n\t\t\t\t<div class=\"elementor-widget-container\">\n\t\t\t\t\t\n\t\t\t<div class=\"ova-heading template_1\">\n\t\t\t\t\t\t\t\t\t\t\t\t\t\t\t<span class=\"line\"><\/span>\n\t\t\t\t\t\t\t\t\t\t<span class=\"subtitle\">O Uredu<\/span>\n\t\t\t\t\t\t\t\t\t\t\t\t\t\n\t\t\t\t\t\t\t\t\t\t\t\t\t\t\t<h2 class=\"title\">Informacije o Uredu za borbu protiv korupcije Unsko-sanskog kantona<\/h2>\n\t\t\t\t\t\t\t\t\t\t\n\t\t\t\t\t\t\t\t\n\t\t\t\t\n\t\t\t<\/div>\n\n\t\t\t\t\t\t<\/div>\n\t\t\t\t<\/div>\n\t\t\t\t\t<\/div>\n\t\t<\/div>\n\t\t\t\t\t<\/div>\n\t\t<\/section>\n\t\t\t\t<section class=\"elementor-section elementor-top-section elementor-element elementor-element-34fff22 elementor-section-boxed elementor-section-height-default elementor-section-height-default\" data-id=\"34fff22\" data-element_type=\"section\" data-e-type=\"section\" data-settings=\"{&quot;background_background&quot;:&quot;classic&quot;}\">\n\t\t\t\t\t\t<div class=\"elementor-container elementor-column-gap-default\">\n\t\t\t\t\t<div class=\"elementor-column elementor-col-100 elementor-top-column elementor-element elementor-element-f647d71\" data-id=\"f647d71\" data-element_type=\"column\" data-e-type=\"column\">\n\t\t\t<div class=\"elementor-widget-wrap elementor-element-populated\">\n\t\t\t\t\t\t<div class=\"elementor-element elementor-element-7c89cfc elementor-widget elementor-widget-text-editor\" data-id=\"7c89cfc\" data-element_type=\"widget\" data-e-type=\"widget\" data-widget_type=\"text-editor.default\">\n\t\t\t\t\t\t\t\t\t<p>Ured za borbu protiv korupcije Unsko-sanskog kantona (u daljnjem tekstu Ured), vr\u0161i stru\u010dne, operativne i administrativno tehni\u010dke poslove u s vezi sa:<\/p><ol><li>provo\u0111enjem Zakona o prijavljivanju i postupku provjere podataka o imovini nosioca javnih funkcija u Unsko-sanskom kantonu,<\/li><li>aktivnostima na prevenciji korupcije, kao i prikupljanju podataka i prijavljivanju nadle\u017enima uo\u010denih koruptivnih aktivnosti u Unsko-sanskom kantonu.<\/li><\/ol><p>Naime, provo\u0111enje Zakona podrazumijeva, izme\u0111u ostalog:<\/p><ol><li>prikupljanje, provjeru i obradu podataka o imovini nosioca javnih funkcija;<\/li><li>uspostavu, vo\u0111enje i a\u017euriranje Registra podataka o imovini;<\/li><li>\u010duvanje i uni\u0161tavanje podataka o imovini u skladu sa zakonskim rokovima;<\/li><li>provo\u0111enje postupka kontrole podataka o imovini u skladu sa Zakonom;<\/li><li>uspostavu evidencija i registara u skladu sa posebnim propisima;<\/li><li>pokretanje i provo\u0111enje postupka za utvr\u0111ivanje povrede odredaba Zakona i drugih propisa kojima su utvr\u0111ene nadle\u017enosti Ureda;<\/li><li>izdavanje prekr\u0161ajnog naloga i pokretanje prekr\u0161ajnog i drugih postupaka;<\/li><li>druge poslove propisane Zakonom.<\/li><\/ol><p>Aktivnosti Ureda na prevenciji korupcije kao i prikupljanju podataka i informisanju nadle\u017enih o uo\u010denim radnjama koje mogu imati koruptivne elemente odnose se na:<\/p><ol><li>provo\u0111enje, pra\u0107enje i nadzor nad provo\u0111enjem antikorupcionih politika utvr\u0111enih zakonskim i podzakonskim propisima;<\/li><li>organizovanje aktivnosti u vezi sa prevencijom korupcije, kao i prijavljivanjem korupcije i koruptivnih aktivnosti;<\/li><li>unaprije\u0111enje i \u0161irenje znanja o sprje\u010davanju korupcije;<\/li><li>davanje preporuka i smjernica za provedbu propisa i strate\u0161kih dokumenata iz domena borbe protiv korupcije;<\/li><li>koordinaciju izme\u0111u svih subjekata obuhva\u0107enih strate\u0161kim planovima borbe protiv korupcije kao i saradnju i koordinaciju sa Agencijom za prevenciju korupcije i koordinaciju borbe protiv korupcije Bosne i Hercegovine, i ostalim pravnim subjektima, organima i organizacijama koje su nadle\u017ene u postupanju u oblasti borbe protiv korupcije, kao i pravosudnim organima;<\/li><li>prikupljanje podataka o realizaciji aktivnosti iz domena borbe protiv korupcije (utvr\u0111enih propisima, akcionim planovima i drugim strate\u0161kim dokumentima i\/ili aktima Vlade) od svih kantonalnih institucija navedenih u \u010dlanu 9. stav (1) ove uredbe (Sve institucije kojima je osniva\u010d Unsko-sanski kanton (organi uprave, slu\u017ebe, upravne organizacije, pravosudne institucije, javne ustanove, zavodi, vanbud\u017eetski fondovi, javna preduze\u0107a i sl. kojimaje osniva\u010d Unsko-sanski kanton ili u kojima Unsko-sanski kantona ima osniva\u010dka prava) du\u017ene su sara\u0111ivati sa Uredom u provo\u0111enju aktivnosti iz djelokruga rada Ureda).<\/li><li>objedinjavanje prikupljenih podataka, sa\u010dinjavanje analize i informisanje nadle\u017enih u skladu sa ovom uredbom;<\/li><li>postupanje po prijavama prema institucijama u svrhu provjere, prikupljanja podataka i proslije\u0111ivanja istih nadle\u017enim organima i institucijama;<\/li><li>uspostavljanje i upravljanje bazama podataka koje za cilj imaju prevenciju ili otkrivanje koruptivnih aktivnosti;<\/li><li>organizovanje okruglih stolova, medijskih i drugih kampanja, te edukativnih i ostalih aktivnosti usmjerenih na preveniranje i suzbijanje koruptivnih aktivnosti;<\/li><li>predlaganje izmjena i dopuna propisa i strate\u0161kih dokumenata Vladi, a koji se odnose na segment borbe protiv korupcije.<\/li><\/ol><p>Za potrebe provo\u0111enja aktivnosti iz utvr\u0111enih nadle\u017enosti Ured mo\u017ee uspostaviti jedinstveni antikoruptivni informacioni sistem.<\/p>\t\t\t\t\t\t\t\t<\/div>\n\t\t\t\t\t<\/div>\n\t\t<\/div>\n\t\t\t\t\t<\/div>\n\t\t<\/section>\n\t\t\t\t<\/div>\n\t\t","protected":false},"excerpt":{"rendered":"<p>O Uredu Informacije o Uredu za borbu protiv korupcije Unsko-sanskog kantona Ured za borbu protiv korupcije Unsko-sanskog kantona (u daljnjem tekstu Ured), vr\u0161i stru\u010dne, operativne i administrativno tehni\u010dke poslove u s vezi sa: provo\u0111enjem Zakona o prijavljivanju i postupku provjere podataka o imovini nosioca javnih funkcija u Unsko-sanskom kantonu, aktivnostima na prevenciji korupcije, kao i [&hellip;]<\/p>\n","protected":false},"author":1,"featured_media":0,"parent":0,"menu_order":0,"comment_status":"closed","ping_status":"closed","template":"","meta":{"footnotes":""},"class_list":["post-15572","page","type-page","status-publish","hentry"],"yoast_head":"<!-- This site is optimized with the Yoast SEO plugin v27.5 - https:\/\/yoast.com\/product\/yoast-seo-wordpress\/ -->\n<title>O Uredu 2 - Ured za borbu protiv korupcije Unsko-sanskog kantona<\/title>\n<meta name=\"robots\" content=\"index, follow, max-snippet:-1, max-image-preview:large, max-video-preview:-1\" \/>\n<link rel=\"canonical\" href=\"https:\/\/antikorupcijausk.ba\/V2\/o-uredu2\/\" \/>\n<meta property=\"og:locale\" content=\"bs_BA\" \/>\n<meta property=\"og:type\" content=\"article\" \/>\n<meta property=\"og:title\" content=\"O Uredu 2 - Ured za borbu protiv korupcije Unsko-sanskog kantona\" \/>\n<meta property=\"og:description\" content=\"O Uredu Informacije o Uredu za borbu protiv korupcije Unsko-sanskog kantona Ured za borbu protiv korupcije Unsko-sanskog kantona (u daljnjem tekstu Ured), vr\u0161i stru\u010dne, operativne i administrativno tehni\u010dke poslove u s vezi sa: provo\u0111enjem Zakona o prijavljivanju i postupku provjere podataka o imovini nosioca javnih funkcija u Unsko-sanskom kantonu, aktivnostima na prevenciji korupcije, kao i [&hellip;]\" \/>\n<meta property=\"og:url\" content=\"https:\/\/antikorupcijausk.ba\/V2\/o-uredu2\/\" \/>\n<meta property=\"og:site_name\" content=\"Ured za borbu protiv korupcije Unsko-sanskog kantona\" \/>\n<meta property=\"article:modified_time\" content=\"2025-09-26T06:55:01+00:00\" \/>\n<meta name=\"twitter:card\" content=\"summary_large_image\" \/>\n<meta name=\"twitter:label1\" content=\"Est. reading time\" \/>\n\t<meta name=\"twitter:data1\" content=\"2 minute\" \/>\n<script type=\"application\/ld+json\" class=\"yoast-schema-graph\">{\"@context\":\"https:\\\/\\\/schema.org\",\"@graph\":[{\"@type\":\"WebPage\",\"@id\":\"https:\\\/\\\/antikorupcijausk.ba\\\/V2\\\/o-uredu2\\\/\",\"url\":\"https:\\\/\\\/antikorupcijausk.ba\\\/V2\\\/o-uredu2\\\/\",\"name\":\"O Uredu 2 - Ured za borbu protiv korupcije Unsko-sanskog kantona\",\"isPartOf\":{\"@id\":\"https:\\\/\\\/antikorupcijausk.ba\\\/V2\\\/#website\"},\"datePublished\":\"2023-11-10T07:58:43+00:00\",\"dateModified\":\"2025-09-26T06:55:01+00:00\",\"breadcrumb\":{\"@id\":\"https:\\\/\\\/antikorupcijausk.ba\\\/V2\\\/o-uredu2\\\/#breadcrumb\"},\"inLanguage\":\"bs-BA\",\"potentialAction\":[{\"@type\":\"ReadAction\",\"target\":[\"https:\\\/\\\/antikorupcijausk.ba\\\/V2\\\/o-uredu2\\\/\"]}]},{\"@type\":\"BreadcrumbList\",\"@id\":\"https:\\\/\\\/antikorupcijausk.ba\\\/V2\\\/o-uredu2\\\/#breadcrumb\",\"itemListElement\":[{\"@type\":\"ListItem\",\"position\":1,\"name\":\"Home\",\"item\":\"https:\\\/\\\/antikorupcijausk.ba\\\/V2\\\/\"},{\"@type\":\"ListItem\",\"position\":2,\"name\":\"O Uredu 2\"}]},{\"@type\":\"WebSite\",\"@id\":\"https:\\\/\\\/antikorupcijausk.ba\\\/V2\\\/#website\",\"url\":\"https:\\\/\\\/antikorupcijausk.ba\\\/V2\\\/\",\"name\":\"Ured za borbu protiv korupcije Unsko-sanskog kantona\",\"description\":\"Dobro do\u0161li na oficijalnu web stranicu Ureda za borbu protiv korupcije Unsko-sanskog kantona\",\"publisher\":{\"@id\":\"https:\\\/\\\/antikorupcijausk.ba\\\/V2\\\/#organization\"},\"potentialAction\":[{\"@type\":\"SearchAction\",\"target\":{\"@type\":\"EntryPoint\",\"urlTemplate\":\"https:\\\/\\\/antikorupcijausk.ba\\\/V2\\\/?s={search_term_string}\"},\"query-input\":{\"@type\":\"PropertyValueSpecification\",\"valueRequired\":true,\"valueName\":\"search_term_string\"}}],\"inLanguage\":\"bs-BA\"},{\"@type\":\"Organization\",\"@id\":\"https:\\\/\\\/antikorupcijausk.ba\\\/V2\\\/#organization\",\"name\":\"Ured za borbu protiv korupcije Unsko-sanskog kantona\",\"url\":\"https:\\\/\\\/antikorupcijausk.ba\\\/V2\\\/\",\"logo\":{\"@type\":\"ImageObject\",\"inLanguage\":\"bs-BA\",\"@id\":\"https:\\\/\\\/antikorupcijausk.ba\\\/V2\\\/#\\\/schema\\\/logo\\\/image\\\/\",\"url\":\"https:\\\/\\\/antikorupcijausk.ba\\\/V2\\\/wp-content\\\/uploads\\\/2023\\\/06\\\/Logo-2.png\",\"contentUrl\":\"https:\\\/\\\/antikorupcijausk.ba\\\/V2\\\/wp-content\\\/uploads\\\/2023\\\/06\\\/Logo-2.png\",\"width\":391,\"height\":80,\"caption\":\"Ured za borbu protiv korupcije Unsko-sanskog kantona\"},\"image\":{\"@id\":\"https:\\\/\\\/antikorupcijausk.ba\\\/V2\\\/#\\\/schema\\\/logo\\\/image\\\/\"}}]}<\/script>\n<!-- \/ Yoast SEO plugin. -->","yoast_head_json":{"title":"O Uredu 2 - Ured za borbu protiv korupcije Unsko-sanskog kantona","robots":{"index":"index","follow":"follow","max-snippet":"max-snippet:-1","max-image-preview":"max-image-preview:large","max-video-preview":"max-video-preview:-1"},"canonical":"https:\/\/antikorupcijausk.ba\/V2\/o-uredu2\/","og_locale":"bs_BA","og_type":"article","og_title":"O Uredu 2 - Ured za borbu protiv korupcije Unsko-sanskog kantona","og_description":"O Uredu Informacije o Uredu za borbu protiv korupcije Unsko-sanskog kantona Ured za borbu protiv korupcije Unsko-sanskog kantona (u daljnjem tekstu Ured), vr\u0161i stru\u010dne, operativne i administrativno tehni\u010dke poslove u s vezi sa: provo\u0111enjem Zakona o prijavljivanju i postupku provjere podataka o imovini nosioca javnih funkcija u Unsko-sanskom kantonu, aktivnostima na prevenciji korupcije, kao i [&hellip;]","og_url":"https:\/\/antikorupcijausk.ba\/V2\/o-uredu2\/","og_site_name":"Ured za borbu protiv korupcije Unsko-sanskog kantona","article_modified_time":"2025-09-26T06:55:01+00:00","twitter_card":"summary_large_image","twitter_misc":{"Est. reading time":"2 minute"},"schema":{"@context":"https:\/\/schema.org","@graph":[{"@type":"WebPage","@id":"https:\/\/antikorupcijausk.ba\/V2\/o-uredu2\/","url":"https:\/\/antikorupcijausk.ba\/V2\/o-uredu2\/","name":"O Uredu 2 - Ured za borbu protiv korupcije Unsko-sanskog kantona","isPartOf":{"@id":"https:\/\/antikorupcijausk.ba\/V2\/#website"},"datePublished":"2023-11-10T07:58:43+00:00","dateModified":"2025-09-26T06:55:01+00:00","breadcrumb":{"@id":"https:\/\/antikorupcijausk.ba\/V2\/o-uredu2\/#breadcrumb"},"inLanguage":"bs-BA","potentialAction":[{"@type":"ReadAction","target":["https:\/\/antikorupcijausk.ba\/V2\/o-uredu2\/"]}]},{"@type":"BreadcrumbList","@id":"https:\/\/antikorupcijausk.ba\/V2\/o-uredu2\/#breadcrumb","itemListElement":[{"@type":"ListItem","position":1,"name":"Home","item":"https:\/\/antikorupcijausk.ba\/V2\/"},{"@type":"ListItem","position":2,"name":"O Uredu 2"}]},{"@type":"WebSite","@id":"https:\/\/antikorupcijausk.ba\/V2\/#website","url":"https:\/\/antikorupcijausk.ba\/V2\/","name":"Ured za borbu protiv korupcije Unsko-sanskog kantona","description":"Dobro do\u0161li na oficijalnu web stranicu Ureda za borbu protiv korupcije Unsko-sanskog kantona","publisher":{"@id":"https:\/\/antikorupcijausk.ba\/V2\/#organization"},"potentialAction":[{"@type":"SearchAction","target":{"@type":"EntryPoint","urlTemplate":"https:\/\/antikorupcijausk.ba\/V2\/?s={search_term_string}"},"query-input":{"@type":"PropertyValueSpecification","valueRequired":true,"valueName":"search_term_string"}}],"inLanguage":"bs-BA"},{"@type":"Organization","@id":"https:\/\/antikorupcijausk.ba\/V2\/#organization","name":"Ured za borbu protiv korupcije Unsko-sanskog kantona","url":"https:\/\/antikorupcijausk.ba\/V2\/","logo":{"@type":"ImageObject","inLanguage":"bs-BA","@id":"https:\/\/antikorupcijausk.ba\/V2\/#\/schema\/logo\/image\/","url":"https:\/\/antikorupcijausk.ba\/V2\/wp-content\/uploads\/2023\/06\/Logo-2.png","contentUrl":"https:\/\/antikorupcijausk.ba\/V2\/wp-content\/uploads\/2023\/06\/Logo-2.png","width":391,"height":80,"caption":"Ured za borbu protiv korupcije Unsko-sanskog kantona"},"image":{"@id":"https:\/\/antikorupcijausk.ba\/V2\/#\/schema\/logo\/image\/"}}]}},"_links":{"self":[{"href":"https:\/\/antikorupcijausk.ba\/V2\/wp-json\/wp\/v2\/pages\/15572","targetHints":{"allow":["GET"]}}],"collection":[{"href":"https:\/\/antikorupcijausk.ba\/V2\/wp-json\/wp\/v2\/pages"}],"about":[{"href":"https:\/\/antikorupcijausk.ba\/V2\/wp-json\/wp\/v2\/types\/page"}],"author":[{"embeddable":true,"href":"https:\/\/antikorupcijausk.ba\/V2\/wp-json\/wp\/v2\/users\/1"}],"replies":[{"embeddable":true,"href":"https:\/\/antikorupcijausk.ba\/V2\/wp-json\/wp\/v2\/comments?post=15572"}],"version-history":[{"count":10,"href":"https:\/\/antikorupcijausk.ba\/V2\/wp-json\/wp\/v2\/pages\/15572\/revisions"}],"predecessor-version":[{"id":19208,"href":"https:\/\/antikorupcijausk.ba\/V2\/wp-json\/wp\/v2\/pages\/15572\/revisions\/19208"}],"wp:attachment":[{"href":"https:\/\/antikorupcijausk.ba\/V2\/wp-json\/wp\/v2\/media?parent=15572"}],"curies":[{"name":"wp","href":"https:\/\/api.w.org\/{rel}","templated":true}]}}