{"id":3207,"date":"2023-06-27T08:28:14","date_gmt":"2023-06-27T08:28:14","guid":{"rendered":"https:\/\/antikorupcijausk.demo.ba\/\/?page_id=3207"},"modified":"2026-03-10T07:29:37","modified_gmt":"2026-03-10T06:29:37","slug":"obrasci","status":"publish","type":"page","link":"https:\/\/antikorupcijausk.ba\/V2\/obrasci\/","title":{"rendered":"Obrasci"},"content":{"rendered":"\t\t<div data-elementor-type=\"wp-page\" data-elementor-id=\"3207\" class=\"elementor elementor-3207\">\n\t\t\t\t\t\t<section class=\"elementor-section elementor-top-section elementor-element elementor-element-8d24d73 elementor-section-boxed elementor-section-height-default elementor-section-height-default\" data-id=\"8d24d73\" data-element_type=\"section\" data-e-type=\"section\">\n\t\t\t\t\t\t<div class=\"elementor-container elementor-column-gap-default\">\n\t\t\t\t\t<div class=\"elementor-column elementor-col-100 elementor-top-column elementor-element elementor-element-163c12a\" data-id=\"163c12a\" data-element_type=\"column\" data-e-type=\"column\">\n\t\t\t<div class=\"elementor-widget-wrap elementor-element-populated\">\n\t\t\t\t\t\t<div class=\"elementor-element elementor-element-55bc973 elementor-widget elementor-widget-gimont_elementor_heading\" data-id=\"55bc973\" data-element_type=\"widget\" data-e-type=\"widget\" data-widget_type=\"gimont_elementor_heading.default\">\n\t\t\t\t<div class=\"elementor-widget-container\">\n\t\t\t\t\t\n\t\t\t<div class=\"ova-heading template_2\">\n\t\t\t\t\t\t\t\t\n\t\t\t\t\t\t\t\t\t\t\t\t\t\t\t<h2 class=\"title\">Obrasci za prijavu imovine<\/h2>\n\t\t\t\t\t\t\t\t\t\t\n\t\t\t\t\t\t\t\t\n\t\t\t\t\t\t\t\t\t<p class=\"desc\">U formi ispod mo\u017eete preuzeti potrebne obrasce kao i uputstvo o prijavi imovine<\/p>\n\t\t\t\t\n\t\t\t<\/div>\n\n\t\t\t\t\t\t<\/div>\n\t\t\t\t<\/div>\n\t\t\t\t<div class=\"elementor-element elementor-element-0cc0ab4 elementor-tabs-alignment-center elementor-tabs-view-horizontal elementor-widget elementor-widget-tabs\" data-id=\"0cc0ab4\" data-element_type=\"widget\" data-e-type=\"widget\" data-widget_type=\"tabs.default\">\n\t\t\t\t\t        <div class=\"elementor-tabs\">\n            <div class=\"elementor-tabs-wrapper\" role=\"tablist\" >\n                                    <div id=\"elementor-tab-title-1331\" class=\"elementor-tab-title elementor-tab-desktop-title\" aria-selected=\"true\" data-tab=\"1\" role=\"tab\" tabindex=\"0\" aria-controls=\"elementor-tab-content-1331\" aria-expanded=\"false\"><a href=\"\">Obrazac<\/a><\/div>\n                                    <div id=\"elementor-tab-title-1332\" class=\"elementor-tab-title elementor-tab-desktop-title\" aria-selected=\"false\" data-tab=\"2\" role=\"tab\" tabindex=\"-1\" aria-controls=\"elementor-tab-content-1332\" aria-expanded=\"false\"><a href=\"\">Prilog 1<\/a><\/div>\n                                    <div id=\"elementor-tab-title-1333\" class=\"elementor-tab-title elementor-tab-desktop-title\" aria-selected=\"false\" data-tab=\"3\" role=\"tab\" tabindex=\"-1\" aria-controls=\"elementor-tab-content-1333\" aria-expanded=\"false\"><a href=\"\">Prilog 2<\/a><\/div>\n                                    <div id=\"elementor-tab-title-1334\" class=\"elementor-tab-title elementor-tab-desktop-title\" aria-selected=\"false\" data-tab=\"4\" role=\"tab\" tabindex=\"-1\" aria-controls=\"elementor-tab-content-1334\" aria-expanded=\"false\"><a href=\"\">Uputstvo<\/a><\/div>\n                            <\/div>\n            <div class=\"elementor-tabs-content-wrapper\" role=\"tablist\" aria-orientation=\"vertical\">\n                                    <div class=\"elementor-tab-title elementor-tab-mobile-title\" aria-selected=\"true\" data-tab=\"1\" role=\"tab\" tabindex=\"0\" aria-controls=\"elementor-tab-content-1331\" aria-expanded=\"false\">Obrazac<\/div>\n                    <div id=\"elementor-tab-content-1331\" class=\"elementor-tab-content elementor-clearfix\" data-tab=\"1\" role=\"tabpanel\" aria-labelledby=\"elementor-tab-title-1331\" tabindex=\"0\" hidden=\"false\">Ovdje mo\u017eete preuzeti <strong>Obrazac prijave imovine i poklona nosioca javne funkcije i rukovode\u0107eg dr\u017eavnog slu\u017ebenika u Unsko-sanskom kantonu<\/strong> u Word dokumentu koji mo\u017eete ure\u0111ivati po potrebi i u istom unositi podatke koji se odnose na Va\u0161u prijavu.\n<br><br>Napominjemo Vas da ste tako\u0111er u mogu\u0107nosti da isti popunite i online putem na\u0161eg online Obrasca prijave imovine koji mo\u017eete otvoriti klikom\n<a class=\"inline-link\" href=\"https:\/\/www.antikorupcijausk.ba\/V2\/ova_sev\/prijava-imovine\/\" target=\"_blank\" rel=\"noopener noreferrer\">OVDJE<\/a>.\n<br><br><strong>Nakon popunjavanja online obrasca prijave imovine, isti ste du\u017eni svojeru\u010dno potpisati i dostaviti u zatvorenoj koverti sa naznakom \u201ePrijava imovine \u2013 ne otvaraj&#8221; na adresu Biha\u0107kih branilaca 2, 77000 Biha\u0107 ili li\u010dno na protokol Ureda za borbu protiv korupcije Unsko-sanskog kantona na gore navedenoj adresi.<\/strong>\n&nbsp;\n<div class=\"download-wrapper\"><span class=\"download-title\">\n<br><strong>\nObrazac prijave imovine nosioca javne funkcije i rukovode\u0107eg dr\u017eavnog slu\u017ebenika\n<\/strong><\/span>\n<a class=\"download-btn btn-word\" href=\"https:\/\/www.antikorupcijausk.ba\/V2\/dokumenti\/Obrazac%20prijave%20imovine%20nosioca%20javne%20funkcije%20i%20rukovode%C4%87eg%20dr%C5%BEavnog%20slu%C5%BEbenika.docx\" target=\"_blank\" rel=\"noopener noreferrer\">\n    <svg class=\"word-icon\" xmlns=\"http:\/\/www.w3.org\/2000\/svg\" width=\"18\" height=\"18\" viewBox=\"0 0 48 48\"><path fill=\"#ffffff\" d=\"M8 4h22l10 10v26a4 4 0 0 1-4 4H8a4 4 0 0 1-4-4V8a4 4 0 0 1 4-4z\"\/><path fill=\"#ffffff\" d=\"M30 4v10h10z\"\/><text x=\"9\" y=\"32\" font-size=\"14\" font-weight=\"700\" fill=\"#0A5DB0\">DOC<\/text>\n<\/svg>\nPreuzmi obrazac\n<\/a><\/div><\/div>\n                                    <div class=\"elementor-tab-title elementor-tab-mobile-title\" aria-selected=\"false\" data-tab=\"2\" role=\"tab\" tabindex=\"-1\" aria-controls=\"elementor-tab-content-1332\" aria-expanded=\"false\">Prilog 1<\/div>\n                    <div id=\"elementor-tab-content-1332\" class=\"elementor-tab-content elementor-clearfix\" data-tab=\"2\" role=\"tabpanel\" aria-labelledby=\"elementor-tab-title-1332\" tabindex=\"0\" hidden=\"hidden\">Ovdje mo\u017eete preuzeti 1. prilog Obrasca prijave imovine nosioca javne funkcije i rukovode\u0107eg dr\u017eavnog slu\u017ebenika &#8211; <strong>Obrazac prijave imovine bliskog srodnika nosioca javne funkcije i rukovode\u0107eg dr\u017eavnog slu\u017ebenika<\/strong> u Word dokumentu koji mo\u017eete ure\u0111ivati po potrebi i u istom unositi podatke koji se odnose na Va\u0161u prijavu.\n<br><br>Napominjemo Vas da ste tako\u0111er u mogu\u0107nosti da isti popunite i online putem na\u0161eg online Obrasca prijave imovine koji mo\u017eete otvoriti klikom\n<a class=\"inline-link\" href=\"https:\/\/www.antikorupcijausk.ba\/V2\/ova_sev\/prijava-imovine\/\" target=\"_blank\" rel=\"noopener noreferrer\">OVDJE<\/a>.\n<div class=\"download-wrapper\"><span class=\"download-title\"><br><strong>\nObrazac prijave imovine bliskog srodnika nosioca javne funkcije i rukovode\u0107eg dr\u017eavnog slu\u017ebenika\n<\/strong><\/span>\n<a class=\"download-btn btn-word\" href=\"https:\/\/www.antikorupcijausk.ba\/V2\/dokumenti\/Prilog%201.%20Obrazac%20prijave%20imovine%20bliskog%20srodnika.docx\" target=\"_blank\" rel=\"noopener noreferrer\">\n    <svg class=\"word-icon\" xmlns=\"http:\/\/www.w3.org\/2000\/svg\" width=\"18\" height=\"18\" viewBox=\"0 0 48 48\">\n        <path fill=\"#ffffff\" d=\"M8 4h22l10 10v26a4 4 0 0 1-4 4H8a4 4 0 0 1-4-4V8a4 4 0 0 1 4-4z\"\/>\n        <path fill=\"#ffffff\" d=\"M30 4v10h10z\"\/>\n        <text x=\"9\" y=\"32\" font-size=\"14\" font-weight=\"700\" fill=\"#0A5DB0\">DOC<\/text>\n    <\/svg>\n    Preuzmi obrazac\n<\/a><\/div><\/div>\n                                    <div class=\"elementor-tab-title elementor-tab-mobile-title\" aria-selected=\"false\" data-tab=\"3\" role=\"tab\" tabindex=\"-1\" aria-controls=\"elementor-tab-content-1333\" aria-expanded=\"false\">Prilog 2<\/div>\n                    <div id=\"elementor-tab-content-1333\" class=\"elementor-tab-content elementor-clearfix\" data-tab=\"3\" role=\"tabpanel\" aria-labelledby=\"elementor-tab-title-1333\" tabindex=\"0\" hidden=\"hidden\">Ovdje mo\u017eete preuzeti 2. prilog Obrasca prijave imovine nosioca javne funkcije i rukovode\u0107eg dr\u017eavnog slu\u017ebenika &#8211; <strong>Izjavu o nepokretanju aktivnosti sticanja imovine po zavr\u0161etku javne funkcije, mandata po bilo kojem osnovu, odnosno postavljenja na drugo radno mjesto ili prestanka radnog odnosa<\/strong> u Word dokumentu koji mo\u017eete ure\u0111ivati po potrebi i u istom unositi podatke koji se odnose na Va\u0161u prijavu.\n<br><br>Napominjemo Vas da ste tako\u0111er u mogu\u0107nosti da isti popunite i online putem na\u0161eg online Obrasca prijave imovine koji mo\u017eete otvoriti klikom\n<a class=\"inline-link\" href=\"https:\/\/www.antikorupcijausk.ba\/V2\/ova_sev\/prijava-imovine\/\" target=\"_blank\" rel=\"noopener noreferrer\">OVDJE<\/a>.\n<div class=\"download-wrapper\"><span class=\"download-title\"><br><strong>\nIzjava o nepokretanju aktivnosti sticanja imovine po zavr\u0161etku javne funkcije, mandata po bilo kojem osnovu, odnosno postavljenja na drugo radno mjesto ili prestanka radnog odnosa\n<\/strong><\/span>\n<a class=\"download-btn btn-word\" href=\"https:\/\/www.antikorupcijausk.ba\/V2\/dokumenti\/Prilog%202.%20Izjava%20o%20nepokretanju%20aktivnosti%20sticanja%20imovine.docx\" target=\"_blank\" rel=\"noopener noreferrer\">\n    <svg class=\"word-icon\" xmlns=\"http:\/\/www.w3.org\/2000\/svg\" width=\"18\" height=\"18\" viewBox=\"0 0 48 48\">\n        <path fill=\"#ffffff\" d=\"M8 4h22l10 10v26a4 4 0 0 1-4 4H8a4 4 0 0 1-4-4V8a4 4 0 0 1 4-4z\"\/>\n        <path fill=\"#ffffff\" d=\"M30 4v10h10z\"\/>\n        <text x=\"9\" y=\"32\" font-size=\"14\" font-weight=\"700\" fill=\"#0A5DB0\">DOC<\/text>\n    <\/svg>\n    Preuzmi obrazac\n<\/a><\/div><\/div>\n                                    <div class=\"elementor-tab-title elementor-tab-mobile-title\" aria-selected=\"false\" data-tab=\"4\" role=\"tab\" tabindex=\"-1\" aria-controls=\"elementor-tab-content-1334\" aria-expanded=\"false\">Uputstvo<\/div>\n                    <div id=\"elementor-tab-content-1334\" class=\"elementor-tab-content elementor-clearfix\" data-tab=\"4\" role=\"tabpanel\" aria-labelledby=\"elementor-tab-title-1334\" tabindex=\"0\" hidden=\"hidden\">Ovdje mo\u017eete preuzeti <strong>Uputstvo za popunjavanje prijave imovina i poklona<\/strong> u PDF dokumentu koji mo\u017eete pregledati ili ispisati po potrebi.\n<br><br>Napominjemo Vas da ste tako\u0111er u mogu\u0107nosti da na\u0161e web stranice online ispunite Obrazac prijave imovine koji mo\u017eete otvoriti klikom\n<a class=\"inline-link\" href=\"https:\/\/www.antikorupcijausk.ba\/V2\/ova_sev\/prijava-imovine\/\" target=\"_blank\" rel=\"noopener noreferrer\">OVDJE<\/a>.\n<div class=\"download-wrapper\"><span class=\"download-title\">\n<br><strong>Uputstvo za popunjavanje prijave imovina i poklona<\/strong>\n<\/span>\n<a class=\"download-btn btn-pdf\" href=\"https:\/\/www.antikorupcijausk.ba\/V2\/dokumenti\/Uputstvo%20za%20popunjavanje%20prijave%20imovina%20i%20poklona.pdf\" target=\"_blank\" rel=\"noopener noreferrer\">\n    <svg class=\"pdf-icon\" xmlns=\"http:\/\/www.w3.org\/2000\/svg\" width=\"18\" height=\"18\" viewBox=\"0 0 48 48\">\n        <path fill=\"#ffffff\" d=\"M8 4h22l10 10v26a4 4 0 0 1-4 4H8a4 4 0 0 1-4-4V8a4 4 0 0 1 4-4z\"\/>\n        <path fill=\"#ffffff\" d=\"M30 4v10h10z\"\/>\n        <text x=\"9\" y=\"32\" font-size=\"14\" font-weight=\"700\" fill=\"#D32F2F\">PDF<\/text>\n    <\/svg>\n    Preuzmi uputstvo\n<\/a><\/div><\/div>\n                            <\/div>\n        <\/div>\n        \t\t\t\t<\/div>\n\t\t\t\t\t<\/div>\n\t\t<\/div>\n\t\t\t\t\t<\/div>\n\t\t<\/section>\n\t\t<div class=\"elementor-element elementor-element-890e9fa e-flex e-con-boxed e-con e-parent\" data-id=\"890e9fa\" data-element_type=\"container\" data-e-type=\"container\">\n\t\t\t\t\t<div class=\"e-con-inner\">\n\t\t<div class=\"elementor-element elementor-element-89bf2d2 e-con-full e-flex e-con e-child\" data-id=\"89bf2d2\" data-element_type=\"container\" data-e-type=\"container\">\n\t\t\t\t<\/div>\n\t\t<div class=\"elementor-element elementor-element-0a53fa1 e-con-full e-flex e-con e-child\" data-id=\"0a53fa1\" data-element_type=\"container\" data-e-type=\"container\">\n\t\t\t\t<\/div>\n\t\t\t\t\t<\/div>\n\t\t\t\t<\/div>\n\t\t\t\t<\/div>\n\t\t","protected":false},"excerpt":{"rendered":"<p>Obrasci za prijavu imovine U formi ispod mo\u017eete preuzeti potrebne obrasce kao i uputstvo o prijavi imovine Obrazac Prilog 1 Prilog 2 Uputstvo Obrazac Ovdje mo\u017eete preuzeti Obrazac prijave imovine i poklona nosioca javne funkcije i rukovode\u0107eg dr\u017eavnog slu\u017ebenika u Unsko-sanskom kantonu u Word dokumentu koji mo\u017eete ure\u0111ivati po potrebi i u istom unositi podatke [&hellip;]<\/p>\n","protected":false},"author":1,"featured_media":0,"parent":0,"menu_order":0,"comment_status":"closed","ping_status":"closed","template":"elementor_header_footer","meta":{"footnotes":""},"class_list":["post-3207","page","type-page","status-publish","hentry"],"yoast_head":"<!-- This site is optimized with the Yoast SEO plugin v27.4 - https:\/\/yoast.com\/product\/yoast-seo-wordpress\/ -->\n<title>Obrasci - Ured za borbu protiv korupcije Unsko-sanskog kantona<\/title>\n<meta name=\"robots\" content=\"index, follow, max-snippet:-1, max-image-preview:large, max-video-preview:-1\" \/>\n<link rel=\"canonical\" href=\"https:\/\/antikorupcijausk.ba\/V2\/obrasci\/\" \/>\n<meta property=\"og:locale\" content=\"bs_BA\" \/>\n<meta property=\"og:type\" content=\"article\" \/>\n<meta property=\"og:title\" content=\"Obrasci - Ured za borbu protiv korupcije Unsko-sanskog kantona\" \/>\n<meta property=\"og:description\" content=\"Obrasci za prijavu imovine U formi ispod mo\u017eete preuzeti potrebne obrasce kao i uputstvo o prijavi imovine Obrazac Prilog 1 Prilog 2 Uputstvo Obrazac Ovdje mo\u017eete preuzeti Obrazac prijave imovine i poklona nosioca javne funkcije i rukovode\u0107eg dr\u017eavnog slu\u017ebenika u Unsko-sanskom kantonu u Word dokumentu koji mo\u017eete ure\u0111ivati po potrebi i u istom unositi podatke [&hellip;]\" \/>\n<meta property=\"og:url\" content=\"https:\/\/antikorupcijausk.ba\/V2\/obrasci\/\" \/>\n<meta property=\"og:site_name\" content=\"Ured za borbu protiv korupcije Unsko-sanskog kantona\" \/>\n<meta property=\"article:modified_time\" content=\"2026-03-10T06:29:37+00:00\" \/>\n<meta name=\"twitter:card\" content=\"summary_large_image\" \/>\n<meta name=\"twitter:label1\" content=\"Est. reading time\" \/>\n\t<meta name=\"twitter:data1\" content=\"12 minuta\" \/>\n<script type=\"application\/ld+json\" class=\"yoast-schema-graph\">{\"@context\":\"https:\\\/\\\/schema.org\",\"@graph\":[{\"@type\":\"WebPage\",\"@id\":\"https:\\\/\\\/antikorupcijausk.ba\\\/V2\\\/obrasci\\\/\",\"url\":\"https:\\\/\\\/antikorupcijausk.ba\\\/V2\\\/obrasci\\\/\",\"name\":\"Obrasci - Ured za borbu protiv korupcije Unsko-sanskog kantona\",\"isPartOf\":{\"@id\":\"https:\\\/\\\/antikorupcijausk.ba\\\/V2\\\/#website\"},\"datePublished\":\"2023-06-27T08:28:14+00:00\",\"dateModified\":\"2026-03-10T06:29:37+00:00\",\"breadcrumb\":{\"@id\":\"https:\\\/\\\/antikorupcijausk.ba\\\/V2\\\/obrasci\\\/#breadcrumb\"},\"inLanguage\":\"bs-BA\",\"potentialAction\":[{\"@type\":\"ReadAction\",\"target\":[\"https:\\\/\\\/antikorupcijausk.ba\\\/V2\\\/obrasci\\\/\"]}]},{\"@type\":\"BreadcrumbList\",\"@id\":\"https:\\\/\\\/antikorupcijausk.ba\\\/V2\\\/obrasci\\\/#breadcrumb\",\"itemListElement\":[{\"@type\":\"ListItem\",\"position\":1,\"name\":\"Home\",\"item\":\"https:\\\/\\\/antikorupcijausk.ba\\\/V2\\\/\"},{\"@type\":\"ListItem\",\"position\":2,\"name\":\"Obrasci\"}]},{\"@type\":\"WebSite\",\"@id\":\"https:\\\/\\\/antikorupcijausk.ba\\\/V2\\\/#website\",\"url\":\"https:\\\/\\\/antikorupcijausk.ba\\\/V2\\\/\",\"name\":\"Ured za borbu protiv korupcije Unsko-sanskog kantona\",\"description\":\"Dobro do\u0161li na oficijalnu web stranicu Ureda za borbu protiv korupcije Unsko-sanskog kantona\",\"publisher\":{\"@id\":\"https:\\\/\\\/antikorupcijausk.ba\\\/V2\\\/#organization\"},\"potentialAction\":[{\"@type\":\"SearchAction\",\"target\":{\"@type\":\"EntryPoint\",\"urlTemplate\":\"https:\\\/\\\/antikorupcijausk.ba\\\/V2\\\/?s={search_term_string}\"},\"query-input\":{\"@type\":\"PropertyValueSpecification\",\"valueRequired\":true,\"valueName\":\"search_term_string\"}}],\"inLanguage\":\"bs-BA\"},{\"@type\":\"Organization\",\"@id\":\"https:\\\/\\\/antikorupcijausk.ba\\\/V2\\\/#organization\",\"name\":\"Ured za borbu protiv korupcije Unsko-sanskog kantona\",\"url\":\"https:\\\/\\\/antikorupcijausk.ba\\\/V2\\\/\",\"logo\":{\"@type\":\"ImageObject\",\"inLanguage\":\"bs-BA\",\"@id\":\"https:\\\/\\\/antikorupcijausk.ba\\\/V2\\\/#\\\/schema\\\/logo\\\/image\\\/\",\"url\":\"https:\\\/\\\/antikorupcijausk.ba\\\/V2\\\/wp-content\\\/uploads\\\/2023\\\/06\\\/Logo-2.png\",\"contentUrl\":\"https:\\\/\\\/antikorupcijausk.ba\\\/V2\\\/wp-content\\\/uploads\\\/2023\\\/06\\\/Logo-2.png\",\"width\":391,\"height\":80,\"caption\":\"Ured za borbu protiv korupcije Unsko-sanskog kantona\"},\"image\":{\"@id\":\"https:\\\/\\\/antikorupcijausk.ba\\\/V2\\\/#\\\/schema\\\/logo\\\/image\\\/\"}}]}<\/script>\n<!-- \/ Yoast SEO plugin. -->","yoast_head_json":{"title":"Obrasci - Ured za borbu protiv korupcije Unsko-sanskog kantona","robots":{"index":"index","follow":"follow","max-snippet":"max-snippet:-1","max-image-preview":"max-image-preview:large","max-video-preview":"max-video-preview:-1"},"canonical":"https:\/\/antikorupcijausk.ba\/V2\/obrasci\/","og_locale":"bs_BA","og_type":"article","og_title":"Obrasci - Ured za borbu protiv korupcije Unsko-sanskog kantona","og_description":"Obrasci za prijavu imovine U formi ispod mo\u017eete preuzeti potrebne obrasce kao i uputstvo o prijavi imovine Obrazac Prilog 1 Prilog 2 Uputstvo Obrazac Ovdje mo\u017eete preuzeti Obrazac prijave imovine i poklona nosioca javne funkcije i rukovode\u0107eg dr\u017eavnog slu\u017ebenika u Unsko-sanskom kantonu u Word dokumentu koji mo\u017eete ure\u0111ivati po potrebi i u istom unositi podatke [&hellip;]","og_url":"https:\/\/antikorupcijausk.ba\/V2\/obrasci\/","og_site_name":"Ured za borbu protiv korupcije Unsko-sanskog kantona","article_modified_time":"2026-03-10T06:29:37+00:00","twitter_card":"summary_large_image","twitter_misc":{"Est. reading time":"12 minuta"},"schema":{"@context":"https:\/\/schema.org","@graph":[{"@type":"WebPage","@id":"https:\/\/antikorupcijausk.ba\/V2\/obrasci\/","url":"https:\/\/antikorupcijausk.ba\/V2\/obrasci\/","name":"Obrasci - Ured za borbu protiv korupcije Unsko-sanskog kantona","isPartOf":{"@id":"https:\/\/antikorupcijausk.ba\/V2\/#website"},"datePublished":"2023-06-27T08:28:14+00:00","dateModified":"2026-03-10T06:29:37+00:00","breadcrumb":{"@id":"https:\/\/antikorupcijausk.ba\/V2\/obrasci\/#breadcrumb"},"inLanguage":"bs-BA","potentialAction":[{"@type":"ReadAction","target":["https:\/\/antikorupcijausk.ba\/V2\/obrasci\/"]}]},{"@type":"BreadcrumbList","@id":"https:\/\/antikorupcijausk.ba\/V2\/obrasci\/#breadcrumb","itemListElement":[{"@type":"ListItem","position":1,"name":"Home","item":"https:\/\/antikorupcijausk.ba\/V2\/"},{"@type":"ListItem","position":2,"name":"Obrasci"}]},{"@type":"WebSite","@id":"https:\/\/antikorupcijausk.ba\/V2\/#website","url":"https:\/\/antikorupcijausk.ba\/V2\/","name":"Ured za borbu protiv korupcije Unsko-sanskog kantona","description":"Dobro do\u0161li na oficijalnu web stranicu Ureda za borbu protiv korupcije Unsko-sanskog kantona","publisher":{"@id":"https:\/\/antikorupcijausk.ba\/V2\/#organization"},"potentialAction":[{"@type":"SearchAction","target":{"@type":"EntryPoint","urlTemplate":"https:\/\/antikorupcijausk.ba\/V2\/?s={search_term_string}"},"query-input":{"@type":"PropertyValueSpecification","valueRequired":true,"valueName":"search_term_string"}}],"inLanguage":"bs-BA"},{"@type":"Organization","@id":"https:\/\/antikorupcijausk.ba\/V2\/#organization","name":"Ured za borbu protiv korupcije Unsko-sanskog kantona","url":"https:\/\/antikorupcijausk.ba\/V2\/","logo":{"@type":"ImageObject","inLanguage":"bs-BA","@id":"https:\/\/antikorupcijausk.ba\/V2\/#\/schema\/logo\/image\/","url":"https:\/\/antikorupcijausk.ba\/V2\/wp-content\/uploads\/2023\/06\/Logo-2.png","contentUrl":"https:\/\/antikorupcijausk.ba\/V2\/wp-content\/uploads\/2023\/06\/Logo-2.png","width":391,"height":80,"caption":"Ured za borbu protiv korupcije Unsko-sanskog kantona"},"image":{"@id":"https:\/\/antikorupcijausk.ba\/V2\/#\/schema\/logo\/image\/"}}]}},"_links":{"self":[{"href":"https:\/\/antikorupcijausk.ba\/V2\/wp-json\/wp\/v2\/pages\/3207","targetHints":{"allow":["GET"]}}],"collection":[{"href":"https:\/\/antikorupcijausk.ba\/V2\/wp-json\/wp\/v2\/pages"}],"about":[{"href":"https:\/\/antikorupcijausk.ba\/V2\/wp-json\/wp\/v2\/types\/page"}],"author":[{"embeddable":true,"href":"https:\/\/antikorupcijausk.ba\/V2\/wp-json\/wp\/v2\/users\/1"}],"replies":[{"embeddable":true,"href":"https:\/\/antikorupcijausk.ba\/V2\/wp-json\/wp\/v2\/comments?post=3207"}],"version-history":[{"count":113,"href":"https:\/\/antikorupcijausk.ba\/V2\/wp-json\/wp\/v2\/pages\/3207\/revisions"}],"predecessor-version":[{"id":20994,"href":"https:\/\/antikorupcijausk.ba\/V2\/wp-json\/wp\/v2\/pages\/3207\/revisions\/20994"}],"wp:attachment":[{"href":"https:\/\/antikorupcijausk.ba\/V2\/wp-json\/wp\/v2\/media?parent=3207"}],"curies":[{"name":"wp","href":"https:\/\/api.w.org\/{rel}","templated":true}]}}